{"id":69,"date":"2025-11-11T15:59:51","date_gmt":"2025-11-11T15:59:51","guid":{"rendered":"https:\/\/htzgzjftg98.pfadilandshut.ch\/?page_id=69"},"modified":"2025-11-11T16:59:06","modified_gmt":"2025-11-11T16:59:06","slug":"elternrat","status":"publish","type":"page","link":"https:\/\/htzgzjftg98.pfadilandshut.ch\/?page_id=69","title":{"rendered":"Elternrat"},"content":{"rendered":"\n<blockquote class=\"wp-block-quote is-layout-flow wp-block-quote-is-layout-flow\">\n<p class=\"has-text-align-center\">Wir freuen uns, wenn sich Erziehungsberechtigte aktiv mit der Pfadi auseinandersetzen.<\/p>\n<\/blockquote>\n\n\n\n<div class=\"wp-block-cover\"><span aria-hidden=\"true\" class=\"wp-block-cover__background has-background-dim\"><\/span><div class=\"wp-block-cover__inner-container is-layout-flow wp-block-cover-is-layout-flow\">\n<div class=\"wp-block-group\"><div class=\"wp-block-group__inner-container is-layout-constrained wp-block-group-is-layout-constrained\">\n<p>Zusammenfassung:<\/p>\n\n\n\n<p>Eltern und Erziehungsberechtigte k\u00f6nnen im Elternrat mitwirken, der sich viermal j\u00e4hrlich trifft, um sich mit den Leiter:innen \u00fcber den Pfadialltag auszutauschen.<br><br>Die j\u00e4hrliche Elternversammlung ist die Mitgliederversammlung der Pfadi Landshut und das oberste Organ der Abteilung.<br><br>Die Pfadi w\u00fcnscht sich aktive Beteiligung, Feedback und Verst\u00e4ndnis seitens der Eltern \u2013 Fehler k\u00f6nnen vorkommen, sollen aber offen angesprochen werden.<\/p>\n<\/div><\/div>\n<\/div><\/div>\n\n\n\n<p><\/p>\n\n\n\n<p>In der Pfadi Landshut haben Eltern und Erziehungsberechtigte von Teilnehmer:innen die M\u00f6glichkeit, in unserem Elternrat mitzuwirken. Dieser trifft sich in der Regel vier Mal pro Jahr. In diesem Rahmen k\u00f6nnen sich die Leiter:innen und die Erziehungsberechtigten \u00fcber den Pfadialltag in der Abteilung und den Betrieb austauschen. F\u00fcr uns ist diese Zusammenarbeit sehr wichtig.<\/p>\n\n\n\n<p>M\u00f6chten Sie aktiv am Elternrat teilnehmen?<\/p>\n\n\n\n<p>Dann wenden Sie sich bitte an unsere Abteilungsleitung.<\/p>\n\n\n\n<div class=\"wp-block-buttons is-layout-flex wp-container-core-buttons-is-layout-c07eda73 wp-block-buttons-is-layout-flex\">\n<div class=\"wp-block-button\"><a class=\"wp-block-button__link wp-element-button\" href=\"mailto:al@pfadilandshut.ch\">Kontakt<\/a><\/div>\n<\/div>\n\n\n\n<p><\/p>\n\n\n\n<hr class=\"wp-block-separator has-alpha-channel-opacity is-style-wide\"\/>\n\n\n\n<p>Einmal im Jahr findet unsere Elternversammlung statt. Alle Eltern und Erziehungsberechtigten sind zu dieser Veranstaltung herzlich eingeladen. An diesem Anlass hat jede Person die M\u00f6glichkeit, sich einzubringen und sich \u00fcber den Pfadialltag zu informieren.<\/p>\n\n\n\n<p>Die Elternversammlung ist als j\u00e4hrlich stattfindende Mitgliederversammlung der Pfadi Landshut zu verstehen. Sie bildet das oberste Organ der Abteilung. <\/p>\n\n\n\n<hr class=\"wp-block-separator has-alpha-channel-opacity is-style-wide\"\/>\n\n\n\n<p>Wir freuen uns, wenn sich Erziehungsberechtigte aktiv mit der Pfadi auseinandersetzen. Auch Anregungen und konstruktive Kritik nehmen wir gerne entgegen.<\/p>\n\n\n\n<hr class=\"wp-block-separator has-alpha-channel-opacity is-style-default\"\/>\n\n\n\n<p>Es kann immer wieder einmal vorkommen, dass etwas nicht rund l\u00e4uft, denn hier sind junge Erwachsene am Werk. Diese sind zwar hervorragend ausgebildet, aber keine \u00dcbermenschen. Deshalb bitten wir die Erziehungsberechtigten um Verst\u00e4ndnis f\u00fcr Fehler. Bitte machen Sie uns aber auf solche Fehler aufmerksam, damit wir sie das n\u00e4chste Mal vermeiden k\u00f6nnen.<\/p>\n\n\n\n<p><\/p>\n","protected":false},"excerpt":{"rendered":"<p>Wir freuen uns, wenn sich Erziehungsberechtigte aktiv mit der Pfadi auseinandersetzen. In der Pfadi Landshut haben Eltern und Erziehungsberechtigte von Teilnehmer:innen die M\u00f6glichkeit, in unserem Elternrat mitzuwirken. Dieser trifft sich in der Regel vier Mal pro Jahr. In diesem Rahmen k\u00f6nnen sich die Leiter:innen und die Erziehungsberechtigten \u00fcber den Pfadialltag in der Abteilung und den &hellip; <\/p>\n<p class=\"link-more\"><a href=\"https:\/\/htzgzjftg98.pfadilandshut.ch\/?page_id=69\" class=\"more-link\"><span class=\"screen-reader-text\">\u201eElternrat\u201c <\/span>weiterlesen<\/a><\/p>\n","protected":false},"author":1,"featured_media":0,"parent":0,"menu_order":0,"comment_status":"closed","ping_status":"closed","template":"","meta":{"_bbp_topic_count":0,"_bbp_reply_count":0,"_bbp_total_topic_count":0,"_bbp_total_reply_count":0,"_bbp_voice_count":0,"_bbp_anonymous_reply_count":0,"_bbp_topic_count_hidden":0,"_bbp_reply_count_hidden":0,"_bbp_forum_subforum_count":0,"footnotes":""},"class_list":["post-69","page","type-page","status-publish","hentry"],"aioseo_notices":[],"_links":{"self":[{"href":"https:\/\/htzgzjftg98.pfadilandshut.ch\/index.php?rest_route=\/wp\/v2\/pages\/69","targetHints":{"allow":["GET"]}}],"collection":[{"href":"https:\/\/htzgzjftg98.pfadilandshut.ch\/index.php?rest_route=\/wp\/v2\/pages"}],"about":[{"href":"https:\/\/htzgzjftg98.pfadilandshut.ch\/index.php?rest_route=\/wp\/v2\/types\/page"}],"author":[{"embeddable":true,"href":"https:\/\/htzgzjftg98.pfadilandshut.ch\/index.php?rest_route=\/wp\/v2\/users\/1"}],"replies":[{"embeddable":true,"href":"https:\/\/htzgzjftg98.pfadilandshut.ch\/index.php?rest_route=%2Fwp%2Fv2%2Fcomments&post=69"}],"version-history":[{"count":23,"href":"https:\/\/htzgzjftg98.pfadilandshut.ch\/index.php?rest_route=\/wp\/v2\/pages\/69\/revisions"}],"predecessor-version":[{"id":119,"href":"https:\/\/htzgzjftg98.pfadilandshut.ch\/index.php?rest_route=\/wp\/v2\/pages\/69\/revisions\/119"}],"wp:attachment":[{"href":"https:\/\/htzgzjftg98.pfadilandshut.ch\/index.php?rest_route=%2Fwp%2Fv2%2Fmedia&parent=69"}],"curies":[{"name":"wp","href":"https:\/\/api.w.org\/{rel}","templated":true}]}}